{"id":600,"date":"2021-02-18T11:12:33","date_gmt":"2021-02-18T16:12:33","guid":{"rendered":"https:\/\/pokadota\/?page_id=600"},"modified":"2021-05-18T15:55:51","modified_gmt":"2021-05-18T19:55:51","slug":"pokadota-photo-print-app-ios-android","status":"publish","type":"page","link":"https:\/\/pokadota.photos\/fr\/","title":{"rendered":"Accueil"},"content":{"rendered":"","protected":false},"excerpt":{"rendered":"","protected":false},"author":1,"featured_media":0,"parent":0,"menu_order":0,"comment_status":"closed","ping_status":"closed","template":"templates-wp\/home.php","meta":[],"yoast_head":"<!-- This site is optimized with the Yoast SEO plugin v16.1.1 - https:\/\/yoast.com\/wordpress\/plugins\/seo\/ -->\n<meta name=\"description\" content=\"Vivez l\u2019exp\u00e9rience de la photographie traditionnelle \u00e0 partir de votre t\u00e9l\u00e9phone intelligent.\" \/>\n<link rel=\"canonical\" href=\"https:\/\/pokadota.photos\/fr\/\" \/>\n<meta property=\"og:locale\" content=\"fr_FR\" \/>\n<meta property=\"og:type\" content=\"article\" \/>\n<meta property=\"og:title\" content=\"pokad\u00f6ta - Application d&#039;impression photo iOS Android\" \/>\n<meta property=\"og:description\" content=\"Vivez l\u2019exp\u00e9rience de la photographie traditionnelle \u00e0 partir de votre t\u00e9l\u00e9phone intelligent.\" \/>\n<meta property=\"og:url\" content=\"https:\/\/pokadota.photos\/fr\/\" \/>\n<meta property=\"og:site_name\" content=\"Pokadota\" \/>\n<meta property=\"article:modified_time\" content=\"2021-05-18T19:55:51+00:00\" \/>\n<meta name=\"twitter:card\" content=\"summary_large_image\" \/>\n<script type=\"application\/ld+json\" class=\"yoast-schema-graph\">{\"@context\":\"https:\/\/schema.org\",\"@graph\":[{\"@type\":\"WebSite\",\"@id\":\"https:\/\/pokadota.photos\/#website\",\"url\":\"https:\/\/pokadota.photos\/\",\"name\":\"Pokadota\",\"description\":\"\",\"potentialAction\":[{\"@type\":\"SearchAction\",\"target\":\"https:\/\/pokadota.photos\/?s={search_term_string}\",\"query-input\":\"required name=search_term_string\"}],\"inLanguage\":\"fr-FR\"},{\"@type\":\"WebPage\",\"@id\":\"https:\/\/pokadota.photos\/fr\/#webpage\",\"url\":\"https:\/\/pokadota.photos\/fr\/\",\"name\":\"pokad\\u00f6ta - Application d'impression photo iOS Android\",\"isPartOf\":{\"@id\":\"https:\/\/pokadota.photos\/#website\"},\"datePublished\":\"2021-02-18T16:12:33+00:00\",\"dateModified\":\"2021-05-18T19:55:51+00:00\",\"description\":\"Vivez l\\u2019exp\\u00e9rience de la photographie traditionnelle \\u00e0 partir de votre t\\u00e9l\\u00e9phone intelligent.\",\"breadcrumb\":{\"@id\":\"https:\/\/pokadota.photos\/fr\/#breadcrumb\"},\"inLanguage\":\"fr-FR\",\"potentialAction\":[{\"@type\":\"ReadAction\",\"target\":[\"https:\/\/pokadota.photos\/fr\/\"]}]},{\"@type\":\"BreadcrumbList\",\"@id\":\"https:\/\/pokadota.photos\/fr\/#breadcrumb\",\"itemListElement\":[{\"@type\":\"ListItem\",\"position\":1,\"item\":{\"@type\":\"WebPage\",\"@id\":\"https:\/\/pokadota.photos\/fr\/\",\"url\":\"https:\/\/pokadota.photos\/fr\/\",\"name\":\"Accueil\"}},{\"@type\":\"ListItem\",\"position\":2,\"item\":{\"@type\":\"WebPage\",\"@id\":\"https:\/\/pokadota.photos\/fr\/\",\"url\":\"https:\/\/pokadota.photos\/fr\/\",\"name\":\"Accueil\"}}]}]}<\/script>\n<!-- \/ Yoast SEO plugin. -->","_links":{"self":[{"href":"https:\/\/pokadota.photos\/fr\/wp-json\/wp\/v2\/pages\/600"}],"collection":[{"href":"https:\/\/pokadota.photos\/fr\/wp-json\/wp\/v2\/pages"}],"about":[{"href":"https:\/\/pokadota.photos\/fr\/wp-json\/wp\/v2\/types\/page"}],"author":[{"embeddable":true,"href":"https:\/\/pokadota.photos\/fr\/wp-json\/wp\/v2\/users\/1"}],"replies":[{"embeddable":true,"href":"https:\/\/pokadota.photos\/fr\/wp-json\/wp\/v2\/comments?post=600"}],"version-history":[{"count":5,"href":"https:\/\/pokadota.photos\/fr\/wp-json\/wp\/v2\/pages\/600\/revisions"}],"predecessor-version":[{"id":856,"href":"https:\/\/pokadota.photos\/fr\/wp-json\/wp\/v2\/pages\/600\/revisions\/856"}],"wp:attachment":[{"href":"https:\/\/pokadota.photos\/fr\/wp-json\/wp\/v2\/media?parent=600"}],"curies":[{"name":"wp","href":"https:\/\/api.w.org\/{rel}","templated":true}]}}